{"id":2530,"date":"2021-11-01T06:39:07","date_gmt":"2021-11-01T13:39:07","guid":{"rendered":"https:\/\/mktprime.com\/?page_id=2530"},"modified":"2025-05-26T07:07:24","modified_gmt":"2025-05-26T14:07:24","slug":"cloud-hosting","status":"publish","type":"page","link":"https:\/\/codelapa.com\/pt\/services\/cloud-hosting\/","title":{"rendered":"Hospedagem em Nuvem"},"content":{"rendered":"<section class=\"section has-parallax\" id=\"section_87165134\">\n\t\t<div class=\"section-bg fill\" data-parallax-container=\".section\" data-parallax-background data-parallax=\"-3\">\n\t\t\t<img loading=\"lazy\" decoding=\"async\" width=\"788\" height=\"443\" src=\"https:\/\/codelapa.com\/wp-content\/uploads\/2021\/11\/iStock-1287543909.jpg\" class=\"bg attachment-original size-original\" alt=\"Codelapa | | Desenvolvimento de E-commerce\" title=\"C\u00f3digolapa | | Desenvolvimento de E-commerce\">\t\t\t\t\t\t<div class=\"section-bg-overlay absolute fill\"><\/div>\n\t\t\t\n\n\t\t<\/div>\n\n\t\t\n\n\t\t<div class=\"section-content relative\">\n\t\t\t\n<div class=\"row\"  id=\"row-787722744\">\n\n\t<div id=\"col-1419237525\" class=\"col medium-6 small-12 large-6\"  >\n\t\t\t\t<div class=\"col-inner\"  >\n\t\t\t\n\t\t\t\n\t<div id=\"text-433205834\" class=\"text uppercase\">\n\t\t\n<h2><strong><span style=\"color: #00cfcf;\">HOSPEDAGEM <\/span><\/strong><br \/>e manuten\u00e7\u00e3o do site<\/h2>\n\t\t\n<style>\n#text-433205834 {\n  font-size: 1rem;\n  color: rgb(255, 255, 255);\n}\n#text-433205834 > * {\n  color: rgb(255, 255, 255);\n}\n@media (min-width:550px) {\n  #text-433205834 {\n    font-size: 1.75rem;\n  }\n}\n<\/style>\n\t<\/div>\n\t\n\t\t<\/div>\n\t\t\t\t\t<\/div>\n\n\t\n<\/div>\n\t\t<\/div>\n\n\t\t\n<style>\n#section_87165134 {\n  padding-top: 30px;\n  padding-bottom: 30px;\n  min-height: 500px;\n}\n#section_87165134 .section-bg-overlay {\n  background-color: rgba(0, 0, 0, 0.703);\n}\n#section_87165134 .section-bg img {\n  object-position: 0% 65%;\n}\n<\/style>\n\t<\/section>\n\t\n\n\t<section class=\"section dark\" id=\"section_1659096468\">\n\t\t<div class=\"section-bg fill\" >\n\t\t\t\t\t\t\t\t\t<div class=\"section-bg-overlay absolute fill\"><\/div>\n\t\t\t\n\n\t\t<\/div>\n\n\t\t\n\n\t\t<div class=\"section-content relative\">\n\t\t\t\n<div class=\"row align-middle\"  id=\"row-1793718399\">\n\n\t<div id=\"col-25112932\" class=\"col medium-6 small-12 large-6\"  >\n\t\t\t\t<div class=\"col-inner\"  >\n\t\t\t\n\t\t\t\n\t<div id=\"text-427278468\" class=\"text\">\n\t\t\n<h2>Melhore seu site com nosso<\/h2>\n\t\t\n<style>\n#text-427278468 {\n  font-size: 1.25rem;\n  color: rgb(0, 0, 0);\n}\n#text-427278468 > * {\n  color: rgb(0, 0, 0);\n}\n@media (min-width:550px) {\n  #text-427278468 {\n    font-size: 0.9rem;\n  }\n}\n<\/style>\n\t<\/div>\n\t\n\t<div id=\"text-1289410753\" class=\"text\">\n\t\t\n<h1>Hospedagem em Nuvem<\/h1>\n\t\t\n<style>\n#text-1289410753 {\n  font-size: 1.25rem;\n  text-align: left;\n  color: #8f1af0;\n}\n#text-1289410753 > * {\n  color: #8f1af0;\n}\n@media (min-width:550px) {\n  #text-1289410753 {\n    font-size: 1.25rem;\n  }\n}\n<\/style>\n\t<\/div>\n\t\n\t\t<\/div>\n\t\t\t\t\n<style>\n#col-25112932 > .col-inner {\n  padding: 23px 0px 0px 0px;\n}\n<\/style>\n\t<\/div>\n\n\t\n\n\t<div id=\"col-973990501\" class=\"col medium-5 small-12 large-5\"  >\n\t\t\t\t<div class=\"col-inner text-center\"  >\n\t\t\t\n\t\t\t\n\t<div class=\"img has-hover x md-x lg-x y md-y lg-y\" id=\"image_519610131\">\n\t\t\t\t\t\t\t\t<div class=\"img-inner dark\" >\n\t\t\t<img loading=\"lazy\" decoding=\"async\" width=\"600\" height=\"409\" src=\"https:\/\/codelapa.com\/wp-content\/uploads\/2021\/11\/vetor.png\" class=\"attachment-large size-large\" alt=\"Codelapa | | Desenvolvimento de E-commerce\" srcset=\"https:\/\/codelapa.com\/wp-content\/uploads\/2021\/11\/vetor.png 600w, https:\/\/codelapa.com\/wp-content\/uploads\/2021\/11\/vetor-587x400.png 587w\" sizes=\"auto, (max-width: 600px) 100vw, 600px\" title=\"C\u00f3digolapa | | Desenvolvimento de E-commerce\">\t\t\t\t\t\t\n\t\t\t\t\t<\/div>\n\t\t\t\t\t\t\t\t\n<style>\n#image_519610131 {\n  width: 100%;\n}\n<\/style>\n\t<\/div>\n\t\n\t\t<\/div>\n\t\t\t\t\t<\/div>\n\n\t\n<\/div>\n\t\t<\/div>\n\n\t\t\n<style>\n#section_1659096468 {\n  padding-top: 32px;\n  padding-bottom: 32px;\n  background-color: rgb(255, 255, 255);\n}\n#section_1659096468 .section-bg-overlay {\n  background-color: rgba(0, 0, 0, 0);\n}\n<\/style>\n\t<\/section>\n\t\n\n\t<section class=\"section dark has-parallax\" id=\"section_2035451443\">\n\t\t<div class=\"section-bg fill\" data-parallax-container=\".section\" data-parallax-background data-parallax=\"-8\">\n\t\t\t<img loading=\"lazy\" decoding=\"async\" width=\"1397\" height=\"786\" src=\"https:\/\/codelapa.com\/wp-content\/uploads\/2021\/09\/Componente-3-\u2013-1.svg\" class=\"bg attachment-original size-original\" alt=\"Codelapa | | Desenvolvimento de E-commerce\" title=\"C\u00f3digolapa | | Desenvolvimento de E-commerce\">\t\t\t\t\t\t<div class=\"section-bg-overlay absolute fill\"><\/div>\n\t\t\t\n\n\t\t<\/div>\n\n\t\t\n\n\t\t<div class=\"section-content relative\">\n\t\t\t\n<div class=\"row align-center\"  id=\"row-1382386131\">\n\n\t<div id=\"col-450133904\" class=\"col medium-10 small-12 large-10\"  >\n\t\t\t\t<div class=\"col-inner\"  >\n\t\t\t\n\t\t\t\n<div class=\"container section-title-container\" ><h3 class=\"section-title section-title-normal\"><b><\/b><span class=\"section-title-main\" >Confira nossos planos<\/span><b><\/b><\/h3><\/div>\n<div class=\"row align-center\"  id=\"row-1706465764\">\n\n\t<div id=\"col-1497629756\" class=\"col medium-4 small-11 large-4\"  >\n\t\t\t\t<div class=\"col-inner text-center box-shadow-5 box-shadow-5-hover\" style=\"background-color:rgb(255, 255, 255);\" >\n\t\t\t\n\t<div class=\"is-border\"\n\t\tstyle=\"border-color:rgb(0, 207, 207);border-radius:10px;border-width:0px 0px 5px 0px;\">\n\t<\/div>\n\t\t\t\n\t<div id=\"text-4197046459\" class=\"text\">\n\t\t\n<p><strong>30 dias gr\u00e1tis<\/strong><\/p>\n\t\t\n<style>\n#text-4197046459 {\n  color: #7a9c59;\n}\n#text-4197046459 > * {\n  color: #7a9c59;\n}\n<\/style>\n\t<\/div>\n\t\n<div class=\"container section-title-container\" ><h3 class=\"section-title section-title-center\"><b><\/b><span class=\"section-title-main\" style=\"font-size:84%;color:rgb(49, 38, 38);\">Hospedagem leve<\/span><b><\/b><\/h3><\/div>\n\t<div id=\"text-2915912242\" class=\"text\">\n\t\t\n<p style=\"text-align: center;\">R$<strong><span style=\"color: black;font-size:40px\"> 50<\/span><\/strong><span style=\"font-size:15px\">,00<\/p>\n\t\t\n<style>\n#text-2915912242 {\n  color: rgb(0, 0, 0);\n}\n#text-2915912242 > * {\n  color: rgb(0, 0, 0);\n}\n<\/style>\n\t<\/div>\n\t\n<div class=\"text-center\"><div class=\"is-divider divider clearfix\" style=\"max-width:100%;background-color:rgb(50, 44, 44);\"><\/div><\/div>\n\t<div id=\"text-3279106738\" class=\"text\">\n\t\t\n<ul>\n<li><strong>Nuvem<\/strong> Hospedagem<\/li>\n<li><b>6 GB<\/b> BATER<\/li>\n<li><b>4 n\u00facleos<\/b> CPU<\/li>\n<li><b>Ilimitado<\/b> Largura de banda<\/li>\n<li>CDN gr\u00e1tis <strong>(Cloudflare)<\/strong><\/li>\n<li>Suporte 24\/7<\/li>\n<li>SSL gr\u00e1tis<\/li>\n<li>1 conta FTP<\/li>\n<li>Recurso antiv\u00edrus<\/li>\n<li>2 contas de e-mail<\/li>\n<li>1 banco de dados<\/li>\n<li>Manuten\u00e7\u00e3o quinzenal<\/li>\n<li>Backups di\u00e1rios<\/li>\n<\/ul>\n\t\t\n<style>\n#text-3279106738 {\n  font-size: 0.75rem;\n  text-align: left;\n  color: rgb(0, 0, 0);\n}\n#text-3279106738 > * {\n  color: rgb(0, 0, 0);\n}\n<\/style>\n\t<\/div>\n\t\n\t\t<\/div>\n\t\t\t\t\n<style>\n#col-1497629756 > .col-inner {\n  padding: 21px 14px;\n  border-radius: 10px;\n}\n<\/style>\n\t<\/div>\n\n\t\n\n\t<div id=\"col-1463613814\" class=\"col medium-4 small-11 large-4\"  >\n\t\t\t\t<div class=\"col-inner text-center box-shadow-5 box-shadow-5-hover\" style=\"background-color:rgb(255, 255, 255);\" >\n\t\t\t\n\t<div class=\"is-border\"\n\t\tstyle=\"border-color:#00cfcf;border-radius:10px;border-width:0px 0px 5px 0px;\">\n\t<\/div>\n\t\t\t\n\t<div id=\"text-3756052823\" class=\"text\">\n\t\t\n<p><strong>30 dias gr\u00e1tis<\/strong><\/p>\n\t\t\n<style>\n#text-3756052823 {\n  color: #7a9c59;\n}\n#text-3756052823 > * {\n  color: #7a9c59;\n}\n<\/style>\n\t<\/div>\n\t\n<div class=\"container section-title-container\" ><h3 class=\"section-title section-title-center\"><b><\/b><span class=\"section-title-main\" style=\"font-size:84%;color:rgb(49, 38, 38);\">Hospedagem Empresarial<\/span><b><\/b><\/h3><\/div>\n\t<div id=\"text-2240316395\" class=\"text\">\n\t\t\n<p style=\"text-align: center;\">R$<strong><span style=\"color: black;font-size:40px\"> 70<\/span><\/strong><span style=\"font-size:15px\">,00<\/p>\n\t\t\n<style>\n#text-2240316395 {\n  color: rgb(0, 0, 0);\n}\n#text-2240316395 > * {\n  color: rgb(0, 0, 0);\n}\n<\/style>\n\t<\/div>\n\t\n<div class=\"text-center\"><div class=\"is-divider divider clearfix\" style=\"max-width:100%;background-color:rgb(50, 44, 44);\"><\/div><\/div>\n\t<div id=\"text-368102658\" class=\"text\">\n\t\t\n<ul>\n<li><strong>Nuvem<\/strong> Hospedagem<\/li>\n<li><b>6 GB<\/b> BATER<\/li>\n<li><b>4 n\u00facleos<\/b> CPU<\/li>\n<li><b>Ilimitado<\/b> Largura de banda<\/li>\n<li>CDN gr\u00e1tis <strong>(Cloudflare)<\/strong><\/li>\n<li>Suporte 24\/7<\/li>\n<li>SSL gr\u00e1tis<\/li>\n<li>2 contas FTP<\/li>\n<li>Recurso antiv\u00edrus<\/li>\n<li>4 contas de e-mail<\/li>\n<li>3 bancos de dados<\/li>\n<li>Manuten\u00e7\u00e3o semanal<\/li>\n<li>Backups semanais<\/li>\n<\/ul>\n\t\t\n<style>\n#text-368102658 {\n  font-size: 0.75rem;\n  text-align: left;\n  color: rgb(0, 0, 0);\n}\n#text-368102658 > * {\n  color: rgb(0, 0, 0);\n}\n<\/style>\n\t<\/div>\n\t\n\t\t<\/div>\n\t\t\t\t\n<style>\n#col-1463613814 > .col-inner {\n  padding: 21px 14px;\n  border-radius: 10px;\n}\n<\/style>\n\t<\/div>\n\n\t\n\n\t<div id=\"col-1406238221\" class=\"col medium-4 small-11 large-4\"  >\n\t\t\t\t<div class=\"col-inner text-center box-shadow-5 box-shadow-5-hover\" style=\"background-color:rgb(255, 255, 255);\" >\n\t\t\t\n\t<div class=\"is-border\"\n\t\tstyle=\"border-color:rgb(0, 207, 207);border-radius:10px;border-width:0px 0px 5px 0px;\">\n\t<\/div>\n\t\t\t\n\t<div id=\"text-1196502265\" class=\"text\">\n\t\t\n<p><strong>30 dias gr\u00e1tis<\/strong><\/p>\n\t\t\n<style>\n#text-1196502265 {\n  color: #7a9c59;\n}\n#text-1196502265 > * {\n  color: #7a9c59;\n}\n<\/style>\n\t<\/div>\n\t\n<div class=\"container section-title-container\" ><h3 class=\"section-title section-title-center\"><b><\/b><span class=\"section-title-main\" style=\"font-size:84%;color:rgb(49, 38, 38);\">Hospedagem Premium<\/span><b><\/b><\/h3><\/div>\n\t<div id=\"text-1676698458\" class=\"text\">\n\t\t\n<p style=\"text-align: center;\">R$<strong><span style=\"color: black;font-size:40px\"> 100<\/span><\/strong><span style=\"font-size:15px\">,00<\/p>\n\t\t\n<style>\n#text-1676698458 {\n  color: rgb(0, 0, 0);\n}\n#text-1676698458 > * {\n  color: rgb(0, 0, 0);\n}\n<\/style>\n\t<\/div>\n\t\n<div class=\"text-center\"><div class=\"is-divider divider clearfix\" style=\"max-width:100%;background-color:rgb(50, 44, 44);\"><\/div><\/div>\n\t<div id=\"text-3669643669\" class=\"text\">\n\t\t\n<ul>\n<li><strong>Nuvem<\/strong> Hospedagem<\/li>\n<li><b>6 GB<\/b> BATER<\/li>\n<li><b>4 n\u00facleos<\/b> CPU<\/li>\n<li><b>Ilimitado<\/b> Largura de banda<\/li>\n<li>CDN gr\u00e1tis <strong>(Cloudflare)<\/strong><\/li>\n<li>Suporte 24\/7<\/li>\n<li>SSL gr\u00e1tis<\/li>\n<li>5 contas FTP<\/li>\n<li>Recurso antiv\u00edrus<\/li>\n<li>6 contas de e-mail<\/li>\n<li>5 bancos de dados<\/li>\n<li>Manuten\u00e7\u00e3o di\u00e1ria<\/li>\n<li>Backups di\u00e1rios<\/li>\n<\/ul>\n\t\t\n<style>\n#text-3669643669 {\n  font-size: 0.75rem;\n  text-align: left;\n  color: rgb(0, 0, 0);\n}\n#text-3669643669 > * {\n  color: rgb(0, 0, 0);\n}\n<\/style>\n\t<\/div>\n\t\n\t\t<\/div>\n\t\t\t\t\n<style>\n#col-1406238221 > .col-inner {\n  padding: 21px 14px;\n  border-radius: 10px;\n}\n<\/style>\n\t<\/div>\n\n\t\n<\/div>\n\t\t<\/div>\n\t\t\t\t\t<\/div>\n\n\t\n<\/div>\n\t\t<\/div>\n\n\t\t\n<style>\n#section_2035451443 {\n  padding-top: 30px;\n  padding-bottom: 30px;\n  background-color: rgb(0, 0, 0);\n}\n#section_2035451443 .section-bg-overlay {\n  background-color: rgba(0,0,0,.5);\n}\n<\/style>\n\t<\/section>\n\t\n\n\t<section class=\"section\" id=\"section_1474289766\">\n\t\t<div class=\"section-bg fill\" >\n\t\t\t\t\t\t\t\t\t\n\t\t\t\n\n\t\t<\/div>\n\n\t\t\n\n\t\t<div class=\"section-content relative\">\n\t\t\t\n<div class=\"row\"  id=\"row-379872099\">\n\n\t<div id=\"col-1069533067\" class=\"col small-12 large-12\"  >\n\t\t\t\t<div class=\"col-inner\"  >\n\t\t\t\n\t\t\t\n\n<script async src=\"https:\/\/js.stripe.com\/v3\/pricing-table.js\"><\/script><br \/>\n<stripe-pricing-table pricing-table-id=\"prctbl_1N8ojOJohjF8aPWIw6OImUaU\"\npublishable-key=\"pk_live_51Jq0L0JohjF8aPWI9250oBueGXlydE48p7QQW1j0pOvaEEHtbBcd3W8oObUfUFFNDj5wCixoh2zWfcxMSE92nVii00gXJ87VKJ\"><br \/>\n<\/stripe-pricing-table><br \/>\n\n\t\t<\/div>\n\t\t\t\t\t<\/div>\n\n\t\n<\/div>\n\t\t<\/div>\n\n\t\t\n<style>\n#section_1474289766 {\n  padding-top: 30px;\n  padding-bottom: 30px;\n}\n<\/style>\n\t<\/section>","protected":false},"excerpt":{"rendered":"","protected":false},"author":6,"featured_media":0,"parent":2108,"menu_order":0,"comment_status":"closed","ping_status":"closed","template":"page-blank.php","meta":{"_acf_changed":false,"inline_featured_image":false,"footnotes":""},"class_list":["post-2530","page","type-page","status-publish","hentry"],"acf":[],"_links":{"self":[{"href":"https:\/\/codelapa.com\/pt\/wp-json\/wp\/v2\/pages\/2530","targetHints":{"allow":["GET"]}}],"collection":[{"href":"https:\/\/codelapa.com\/pt\/wp-json\/wp\/v2\/pages"}],"about":[{"href":"https:\/\/codelapa.com\/pt\/wp-json\/wp\/v2\/types\/page"}],"author":[{"embeddable":true,"href":"https:\/\/codelapa.com\/pt\/wp-json\/wp\/v2\/users\/6"}],"replies":[{"embeddable":true,"href":"https:\/\/codelapa.com\/pt\/wp-json\/wp\/v2\/comments?post=2530"}],"version-history":[{"count":6,"href":"https:\/\/codelapa.com\/pt\/wp-json\/wp\/v2\/pages\/2530\/revisions"}],"predecessor-version":[{"id":5025,"href":"https:\/\/codelapa.com\/pt\/wp-json\/wp\/v2\/pages\/2530\/revisions\/5025"}],"up":[{"embeddable":true,"href":"https:\/\/codelapa.com\/pt\/wp-json\/wp\/v2\/pages\/2108"}],"wp:attachment":[{"href":"https:\/\/codelapa.com\/pt\/wp-json\/wp\/v2\/media?parent=2530"}],"curies":[{"name":"wp","href":"https:\/\/api.w.org\/{rel}","templated":true}]}}