{"id":2205,"date":"2021-05-06T15:21:38","date_gmt":"2021-05-06T22:21:38","guid":{"rendered":"https:\/\/mktprime.com\/?page_id=2205"},"modified":"2025-05-26T07:10:54","modified_gmt":"2025-05-26T14:10:54","slug":"contact","status":"publish","type":"page","link":"https:\/\/codelapa.com\/pt\/contact\/","title":{"rendered":"Entre em"},"content":{"rendered":"<section class=\"section has-parallax\" id=\"section_1011563336\">\n\t\t<div class=\"section-bg fill\" data-parallax-container=\".section\" data-parallax-background data-parallax=\"-10\">\n\t\t\t<img loading=\"lazy\" decoding=\"async\" width=\"400\" height=\"162\" src=\"https:\/\/codelapa.com\/wp-content\/uploads\/2021\/10\/Fundo-rosa.svg\" class=\"bg attachment- size-\" alt=\"Codelapa | | Desenvolvimento de E-commerce\" title=\"C\u00f3digolapa | | Desenvolvimento de E-commerce\">\t\t\t\t\t\t\n\t\t\t\n\n\t\t<\/div>\n\n\t\t\n\n\t\t<div class=\"section-content relative\">\n\t\t\t\n<div class=\"row align-center\"  id=\"row-543996914\">\n\n\t<div id=\"col-792898387\" class=\"col medium-5 small-12 large-5\"  >\n\t\t\t\t<div class=\"col-inner box-shadow-1 box-shadow-4-hover\" style=\"background-color:rgb(255, 255, 255);\" >\n\t\t\t\n\t\t\t\n<div><div class=\"container section-title-container\" ><h3 class=\"section-title section-title-normal\"><b><\/b><span class=\"section-title-main\" >TORNE-SE UM CLIENTE<\/span><b><\/b><\/h3><\/div><\/div>\n<div><\/div>\n<div>\t<div id=\"text-3206850947\" class=\"text\">\n\t\t<\/div>\n<div><\/div>\n<div>Preencha o formul\u00e1rio abaixo com seus dados e servi\u00e7os de interesse e entraremos em contato com voc\u00ea em breve!<\/div>\n<div>\t\t\n<style>\n#text-3206850947 {\n  color: rgb(0, 0, 0);\n}\n#text-3206850947 > * {\n  color: rgb(0, 0, 0);\n}\n<\/style>\n\t<\/div>\n\t<\/div>\n\t<div id=\"gap-1416074520\" class=\"gap-element clearfix\" style=\"display:block; height:auto;\">\n\t\t\n<style>\n#gap-1416074520 {\n  padding-top: 19px;\n}\n<\/style>\n\t<\/div>\n\t\n\n<div class=\"wpcf7 no-js\" id=\"wpcf7-f2039-o1\" lang=\"pt-BR\" dir=\"ltr\" data-wpcf7-id=\"2039\">\n<div class=\"screen-reader-response\"><p role=\"status\" aria-live=\"polite\" aria-atomic=\"true\"><\/p> <ul><\/ul><\/div>\n<form action=\"\/pt\/wp-json\/wp\/v2\/pages\/2205#wpcf7-f2039-o1\" method=\"post\" class=\"wpcf7-form init\" aria-label=\"Formul\u00e1rios de contato\" novalidate=\"novalidate\" data-status=\"init\" data-trp-original-action=\"\/pt\/wp-json\/wp\/v2\/pages\/2205#wpcf7-f2039-o1\">\n<fieldset class=\"hidden-fields-container\"><input type=\"hidden\" name=\"_wpcf7\" value=\"2039\" \/><input type=\"hidden\" name=\"_wpcf7_version\" value=\"6.1.5\" \/><input type=\"hidden\" name=\"_wpcf7_locale\" value=\"pt_BR\" \/><input type=\"hidden\" name=\"_wpcf7_unit_tag\" value=\"wpcf7-f2039-o1\" \/><input type=\"hidden\" name=\"_wpcf7_container_post\" value=\"0\" \/><input type=\"hidden\" name=\"_wpcf7_posted_data_hash\" value=\"\" \/><input type=\"hidden\" name=\"_wpcf7_recaptcha_response\" value=\"\" \/>\n<\/fieldset>\n<div class=\"form-orcamento\">\n\t<p><label><br \/>\n<span class=\"wpcf7-form-control-wrap\" data-name=\"Nome\"><input size=\"40\" maxlength=\"400\" class=\"wpcf7-form-control wpcf7-text wpcf7-validates-as-required form-home\" aria-required=\"true\" aria-invalid=\"false\" placeholder=\"Digite seu nome\" value=\"\" type=\"text\" name=\"Nome\" \/><\/span><br \/>\n<\/label>\n\t<\/p>\n\t<p><label><br \/>\n<span class=\"wpcf7-form-control-wrap\" data-name=\"E-mail\"><input size=\"40\" maxlength=\"400\" class=\"wpcf7-form-control wpcf7-email wpcf7-validates-as-required wpcf7-text wpcf7-validates-as-email form-home\" aria-required=\"true\" aria-invalid=\"false\" placeholder=\"Insira seu e-mail\" value=\"\" type=\"email\" name=\"E-mail\" \/><\/span><br \/>\n<\/label>\n\t<\/p>\n\t<p><label><br \/>\n<span class=\"wpcf7-form-control-wrap\" data-name=\"Telefone\"><input size=\"40\" maxlength=\"400\" class=\"wpcf7-form-control wpcf7-tel wpcf7-validates-as-required wpcf7-text wpcf7-validates-as-tel form-home\" aria-required=\"true\" aria-invalid=\"false\" placeholder=\"Digite seu WhatsApp\" value=\"\" type=\"tel\" name=\"Telefone\" \/><\/span><br \/>\n<\/label>\n\t<\/p>\n\t<p><label><strong><span>O que voc\u00ea est\u00e1 procurando? <\/span><\/strong><br \/>\n<span class=\"wpcf7-form-control-wrap\" data-name=\"oqueprocura\"><select class=\"wpcf7-form-control wpcf7-select wpcf7-validates-as-required\" aria-required=\"true\" aria-invalid=\"false\" name=\"oqueprocura\"><option value=\"Institutional Websites\">Sites Institucionais<\/option><option value=\"E-commerce\">Com\u00e9rcio eletr\u00f4nico<\/option><option value=\"Hosting\">Hospedagem<\/option><option value=\"Improve my SEO\">Melhore meu SEO<\/option><option value=\"Improve my Loading Speed\">Melhore minha velocidade de carregamento<\/option><option value=\"Support\">Apoiar<\/option><option value=\"Others\">Outros<\/option><\/select><\/span><br \/>\n<\/label>\n\t<\/p>\n\t<p><label><strong><span>Mensagem<\/span><\/strong><br \/>\n<span class=\"wpcf7-form-control-wrap\" data-name=\"Message\"><textarea cols=\"40\" rows=\"10\" maxlength=\"2000\" class=\"wpcf7-form-control wpcf7-textarea wpcf7-validates-as-required\" aria-required=\"true\" aria-invalid=\"false\" placeholder=\"Escreva sua mensagem...\" name=\"Message\"><\/textarea><\/span><br \/>\n<\/label>\n\t<\/p>\n\t<p><input class=\"wpcf7-form-control wpcf7-submit has-spinner button success cadastrar btn-send-form\" type=\"submit\" value=\"Enviar\" \/>\n\t<\/p>\n<\/div><div class=\"wpcf7-response-output\" aria-hidden=\"true\"><\/div>\n<input type=\"hidden\" name=\"trp-form-language\" value=\"pt\"\/><\/form>\n<\/div>\n\n\t\t<\/div>\n\t\t\t\t\n<style>\n#col-792898387 > .col-inner {\n  padding: 50px 35px 50px 35px;\n  border-radius: 14px;\n}\n<\/style>\n\t<\/div>\n\n\t\n<\/div>\n\t\t<\/div>\n\n\t\t\n<style>\n#section_1011563336 {\n  padding-top: 30px;\n  padding-bottom: 30px;\n}\n<\/style>\n\t<\/section>","protected":false},"excerpt":{"rendered":"","protected":false},"author":6,"featured_media":0,"parent":0,"menu_order":0,"comment_status":"closed","ping_status":"closed","template":"page-blank.php","meta":{"_acf_changed":false,"inline_featured_image":false,"footnotes":""},"class_list":["post-2205","page","type-page","status-publish","hentry"],"acf":[],"_links":{"self":[{"href":"https:\/\/codelapa.com\/pt\/wp-json\/wp\/v2\/pages\/2205","targetHints":{"allow":["GET"]}}],"collection":[{"href":"https:\/\/codelapa.com\/pt\/wp-json\/wp\/v2\/pages"}],"about":[{"href":"https:\/\/codelapa.com\/pt\/wp-json\/wp\/v2\/types\/page"}],"author":[{"embeddable":true,"href":"https:\/\/codelapa.com\/pt\/wp-json\/wp\/v2\/users\/6"}],"replies":[{"embeddable":true,"href":"https:\/\/codelapa.com\/pt\/wp-json\/wp\/v2\/comments?post=2205"}],"version-history":[{"count":3,"href":"https:\/\/codelapa.com\/pt\/wp-json\/wp\/v2\/pages\/2205\/revisions"}],"predecessor-version":[{"id":5018,"href":"https:\/\/codelapa.com\/pt\/wp-json\/wp\/v2\/pages\/2205\/revisions\/5018"}],"wp:attachment":[{"href":"https:\/\/codelapa.com\/pt\/wp-json\/wp\/v2\/media?parent=2205"}],"curies":[{"name":"wp","href":"https:\/\/api.w.org\/{rel}","templated":true}]}}